{"id":6280,"date":"2016-01-19T16:49:45","date_gmt":"2016-01-19T15:49:45","guid":{"rendered":"http:\/\/pruefbau.com\/en\/impressum\/"},"modified":"2022-11-13T12:45:56","modified_gmt":"2022-11-13T11:45:56","slug":"impressum","status":"publish","type":"page","link":"https:\/\/pruefbau.com\/en\/impressum\/","title":{"rendered":"Impressum"},"content":{"rendered":"<section class=\"l-section wpb_row height_large\"><div class=\"l-section-h i-cf\"><div class=\"g-cols vc_row via_grid cols_1 laptops-cols_inherit tablets-cols_inherit mobiles-cols_1 valign_top type_default stacking_default\"><div class=\"wpb_column vc_column_container\"><div class=\"vc_column-inner\"><div class=\"wpb_text_column\"><div class=\"wpb_wrapper\"><p><strong>Angaben gem. \u00a7 5 TMG<\/strong><\/p>\n<p>Betreiber und Kontakt:<br \/>\npr\u00fcfbau Dr.-Ing. H. D\u00fcrner GmbH<br \/>\nAich 17-23<br \/>\n82380 Peissenberg\/M\u00fcnchen<br \/>\nDeutschland<\/p>\n<p>Telefonnummer: ++49 8803 3011<br \/>\nFax: ++49 8803 3396<br \/>\nE-Mail-Adresse: service@pruefbau.de<\/p>\n<p>Vertretung:<br \/>\npr\u00fcfbau, Dr.-Ing. H. D\u00fcrner GmbH, Dr.-Ing. H. D\u00fcrner<br \/>\nUst-Id-Nr.:\u00a0DE 170 526 353<br \/>\nHandelsregister: HR M\u00fcnchen HRB 75001<br \/>\nGerichtsstandort: M\u00fcnchen<\/p>\n<p>Bilder und Grafiken:<br \/>\nAngaben der Quelle f\u00fcr verwendetes Bilder- und Grafikmaterial: auf der entsprechenden Seite.<br \/>\nAlle anderen Abbildungen: pr\u00fcfbau<\/p>\n<p class=\"bodytext\">Hinweis:<br \/>\nDie auf den Internetseiten verwendeten Produktbegriffe und Produktbezeichnungen sind\u00a0Marken- und Warennamen\u00a0der Firma pr\u00fcfbau.<\/p>\n<\/div><\/div><\/div><\/div><\/div><\/div><\/section>\n","protected":false},"excerpt":{"rendered":"Angaben gem. \u00a7 5 TMG Betreiber und Kontakt: pr\u00fcfbau Dr.-Ing. H. D\u00fcrner GmbH Aich 17-23 82380 Peissenberg\/M\u00fcnchen Deutschland Telefonnummer: ++49 8803 3011 Fax: ++49 8803 3396 E-Mail-Adresse: service@pruefbau.de Vertretung: pr\u00fcfbau, Dr.-Ing. H. D\u00fcrner GmbH, Dr.-Ing. H. D\u00fcrner Ust-Id-Nr.:\u00a0DE 170 526 353 Handelsregister: HR M\u00fcnchen HRB 75001 Gerichtsstandort: M\u00fcnchen Bilder und Grafiken: Angaben der Quelle f\u00fcr...","protected":false},"author":1,"featured_media":0,"parent":0,"menu_order":0,"comment_status":"closed","ping_status":"closed","template":"","meta":{"_themeisle_gutenberg_block_has_review":false},"aioseo_notices":[],"_links":{"self":[{"href":"https:\/\/pruefbau.com\/en\/wp-json\/wp\/v2\/pages\/6280"}],"collection":[{"href":"https:\/\/pruefbau.com\/en\/wp-json\/wp\/v2\/pages"}],"about":[{"href":"https:\/\/pruefbau.com\/en\/wp-json\/wp\/v2\/types\/page"}],"author":[{"embeddable":true,"href":"https:\/\/pruefbau.com\/en\/wp-json\/wp\/v2\/users\/1"}],"replies":[{"embeddable":true,"href":"https:\/\/pruefbau.com\/en\/wp-json\/wp\/v2\/comments?post=6280"}],"version-history":[{"count":1,"href":"https:\/\/pruefbau.com\/en\/wp-json\/wp\/v2\/pages\/6280\/revisions"}],"predecessor-version":[{"id":7211,"href":"https:\/\/pruefbau.com\/en\/wp-json\/wp\/v2\/pages\/6280\/revisions\/7211"}],"wp:attachment":[{"href":"https:\/\/pruefbau.com\/en\/wp-json\/wp\/v2\/media?parent=6280"}],"curies":[{"name":"wp","href":"https:\/\/api.w.org\/{rel}","templated":true}]}}